{"id":454,"date":"2024-01-22T00:56:49","date_gmt":"2024-01-22T00:56:49","guid":{"rendered":"https:\/\/mercadogroup.com.tr\/hakkimizda\/"},"modified":"2024-02-02T16:47:55","modified_gmt":"2024-02-02T16:47:55","slug":"hakkimizda","status":"publish","type":"page","link":"https:\/\/mercadogroup.com.tr\/tr\/hakkimizda\/","title":{"rendered":"Hakk\u0131m\u0131zda"},"content":{"rendered":"\t\t<div data-elementor-type=\"wp-page\" data-elementor-id=\"454\" class=\"elementor elementor-454 elementor-367\" data-elementor-post-type=\"page\">\n\t\t\t\t<div class=\"elementor-element elementor-element-6eab333 e-flex e-con-boxed e-con e-parent\" data-id=\"6eab333\" data-element_type=\"container\">\n\t\t\t\t\t<div class=\"e-con-inner\">\n\t\t<div class=\"elementor-element elementor-element-960351f e-flex e-con-boxed e-con e-child\" data-id=\"960351f\" data-element_type=\"container\">\n\t\t\t\t\t<div class=\"e-con-inner\">\n\t\t<div class=\"elementor-element elementor-element-cd55046 e-flex e-con-boxed e-con e-child\" data-id=\"cd55046\" data-element_type=\"container\">\n\t\t\t\t\t<div class=\"e-con-inner\">\n\t\t<div class=\"elementor-element elementor-element-c429ab3 e-flex e-con-boxed e-con e-child\" data-id=\"c429ab3\" data-element_type=\"container\">\n\t\t\t\t\t<div class=\"e-con-inner\">\n\t\t\t\t<div class=\"elementor-element elementor-element-edeb61c animated-slow elementor-invisible elementor-widget elementor-widget-heading\" data-id=\"edeb61c\" data-element_type=\"widget\" data-settings=\"{&quot;_animation&quot;:&quot;fadeInUp&quot;}\" data-widget_type=\"heading.default\">\n\t\t\t\t<div class=\"elementor-widget-container\">\n\t\t\t\t\t<h2 class=\"elementor-heading-title elementor-size-default\">Mercado Hakk\u0131nda<\/h2>\t\t\t\t<\/div>\n\t\t\t\t<\/div>\n\t\t\t\t<div class=\"elementor-element elementor-element-0cce204 animated-slow elementor-invisible elementor-widget elementor-widget-heading\" data-id=\"0cce204\" data-element_type=\"widget\" data-settings=\"{&quot;_animation&quot;:&quot;fadeInUp&quot;}\" data-widget_type=\"heading.default\">\n\t\t\t\t<div class=\"elementor-widget-container\">\n\t\t\t\t\t<p class=\"elementor-heading-title elementor-size-default\">Hayvanc\u0131l\u0131k Sekt\u00f6r\u00fcndeki 40 Y\u0131ll\u0131k M\u00fckemmelli\u011fimizi Ke\u015ffedin<\/p>\t\t\t\t<\/div>\n\t\t\t\t<\/div>\n\t\t\t\t<div class=\"elementor-element elementor-element-0533c5c animated-slow elementor-invisible elementor-widget elementor-widget-text-editor\" data-id=\"0533c5c\" data-element_type=\"widget\" data-settings=\"{&quot;_animation&quot;:&quot;fadeInUp&quot;}\" data-widget_type=\"text-editor.default\">\n\t\t\t\t<div class=\"elementor-widget-container\">\n\t\t\t\t\t\t\t\t\t<p>Mercado Hayvanc\u0131l\u0131k Grubu olarak, hayvanc\u0131l\u0131k ve taze et end\u00fcstrisinde k\u0131rk y\u0131l\u0131 a\u015fk\u0131n deneyime sahip se\u00e7kin bir uluslararas\u0131 kurulu\u015f olmaktan gurur duyuyoruz. \u0130thalat ve ihracat pazar\u0131nda \u00f6nemli bir varl\u0131k olarak T\u00fcrkiye, Orta Do\u011fu ve K\u00f6rfez gibi b\u00f6lgelere ba\u015far\u0131yla hizmet verdik. Kaliteye ve yenili\u011fe olan ba\u011fl\u0131l\u0131\u011f\u0131m\u0131z bizi bu alanda lider bir g\u00fc\u00e7 haline getirdi.<\/p>\n\t\t\t\t\t\t\t\t<\/div>\n\t\t\t\t<\/div>\n\t\t\t\t\t<\/div>\n\t\t\t\t<\/div>\n\t\t<div class=\"elementor-element elementor-element-bd10037 e-flex e-con-boxed e-con e-child\" data-id=\"bd10037\" data-element_type=\"container\">\n\t\t\t\t\t<div class=\"e-con-inner\">\n\t\t\t\t<div class=\"elementor-element elementor-element-3c4a050 elementor-invisible elementor-widget elementor-widget-image\" data-id=\"3c4a050\" data-element_type=\"widget\" data-settings=\"{&quot;_animation&quot;:&quot;fadeInRight&quot;}\" data-widget_type=\"image.default\">\n\t\t\t\t<div class=\"elementor-widget-container\">\n\t\t\t\t\t\t\t\t\t\t\t\t\t\t\t<img fetchpriority=\"high\" decoding=\"async\" width=\"800\" height=\"800\" src=\"https:\/\/mercadogroup.com.tr\/wp-content\/uploads\/2024\/01\/e1e4aa26-3316-4fbf-87f9-23cede2b3606.jpeg\" class=\"attachment-large size-large wp-image-128\" alt=\"\" srcset=\"https:\/\/mercadogroup.com.tr\/wp-content\/uploads\/2024\/01\/e1e4aa26-3316-4fbf-87f9-23cede2b3606.jpeg 1024w, https:\/\/mercadogroup.com.tr\/wp-content\/uploads\/2024\/01\/e1e4aa26-3316-4fbf-87f9-23cede2b3606-300x300.jpeg 300w, https:\/\/mercadogroup.com.tr\/wp-content\/uploads\/2024\/01\/e1e4aa26-3316-4fbf-87f9-23cede2b3606-150x150.jpeg 150w, https:\/\/mercadogroup.com.tr\/wp-content\/uploads\/2024\/01\/e1e4aa26-3316-4fbf-87f9-23cede2b3606-768x768.jpeg 768w\" sizes=\"(max-width: 800px) 100vw, 800px\" \/>\t\t\t\t\t\t\t\t\t\t\t\t\t\t\t<\/div>\n\t\t\t\t<\/div>\n\t\t\t\t<div class=\"elementor-element elementor-element-df446eb elementor-widget__width-auto elementor-absolute animated-slow elementor-invisible elementor-widget elementor-widget-image\" data-id=\"df446eb\" data-element_type=\"widget\" data-settings=\"{&quot;_position&quot;:&quot;absolute&quot;,&quot;_animation&quot;:&quot;fadeInUp&quot;}\" data-widget_type=\"image.default\">\n\t\t\t\t<div class=\"elementor-widget-container\">\n\t\t\t\t\t\t\t\t\t\t\t\t\t\t\t<img decoding=\"async\" width=\"800\" height=\"800\" src=\"https:\/\/mercadogroup.com.tr\/wp-content\/uploads\/2024\/01\/44948ae6-eb05-49c1-83fd-a0a611cb27d8.jpeg\" class=\"attachment-large size-large wp-image-138\" alt=\"\" srcset=\"https:\/\/mercadogroup.com.tr\/wp-content\/uploads\/2024\/01\/44948ae6-eb05-49c1-83fd-a0a611cb27d8.jpeg 1024w, https:\/\/mercadogroup.com.tr\/wp-content\/uploads\/2024\/01\/44948ae6-eb05-49c1-83fd-a0a611cb27d8-300x300.jpeg 300w, https:\/\/mercadogroup.com.tr\/wp-content\/uploads\/2024\/01\/44948ae6-eb05-49c1-83fd-a0a611cb27d8-150x150.jpeg 150w, https:\/\/mercadogroup.com.tr\/wp-content\/uploads\/2024\/01\/44948ae6-eb05-49c1-83fd-a0a611cb27d8-768x768.jpeg 768w\" sizes=\"(max-width: 800px) 100vw, 800px\" \/>\t\t\t\t\t\t\t\t\t\t\t\t\t\t\t<\/div>\n\t\t\t\t<\/div>\n\t\t\t\t\t<\/div>\n\t\t\t\t<\/div>\n\t\t\t\t\t<\/div>\n\t\t\t\t<\/div>\n\t\t\t\t\t<\/div>\n\t\t\t\t<\/div>\n\t\t\t\t\t<\/div>\n\t\t\t\t<\/div>\n\t\t<div class=\"elementor-element elementor-element-5c2a5cb e-flex e-con-boxed e-con e-parent\" data-id=\"5c2a5cb\" data-element_type=\"container\" data-settings=\"{&quot;background_background&quot;:&quot;classic&quot;,&quot;shape_divider_top&quot;:&quot;mountains&quot;,&quot;shape_divider_bottom&quot;:&quot;curve&quot;}\">\n\t\t\t\t\t<div class=\"e-con-inner\">\n\t\t\t\t<div class=\"elementor-shape elementor-shape-top\" data-negative=\"false\">\n\t\t\t<svg xmlns=\"http:\/\/www.w3.org\/2000\/svg\" viewBox=\"0 0 1000 100\" preserveAspectRatio=\"none\">\n\t<path class=\"elementor-shape-fill\" opacity=\"0.33\" d=\"M473,67.3c-203.9,88.3-263.1-34-320.3,0C66,119.1,0,59.7,0,59.7V0h1000v59.7 c0,0-62.1,26.1-94.9,29.3c-32.8,3.3-62.8-12.3-75.8-22.1C806,49.6,745.3,8.7,694.9,4.7S492.4,59,473,67.3z\"\/>\n\t<path class=\"elementor-shape-fill\" opacity=\"0.66\" d=\"M734,67.3c-45.5,0-77.2-23.2-129.1-39.1c-28.6-8.7-150.3-10.1-254,39.1 s-91.7-34.4-149.2,0C115.7,118.3,0,39.8,0,39.8V0h1000v36.5c0,0-28.2-18.5-92.1-18.5C810.2,18.1,775.7,67.3,734,67.3z\"\/>\n\t<path class=\"elementor-shape-fill\" d=\"M766.1,28.9c-200-57.5-266,65.5-395.1,19.5C242,1.8,242,5.4,184.8,20.6C128,35.8,132.3,44.9,89.9,52.5C28.6,63.7,0,0,0,0 h1000c0,0-9.9,40.9-83.6,48.1S829.6,47,766.1,28.9z\"\/>\n<\/svg>\t\t<\/div>\n\t\t\t\t<div class=\"elementor-shape elementor-shape-bottom\" data-negative=\"false\">\n\t\t\t<svg xmlns=\"http:\/\/www.w3.org\/2000\/svg\" viewBox=\"0 0 1000 100\" preserveAspectRatio=\"none\">\n    <path class=\"elementor-shape-fill\" d=\"M1000,4.3V0H0v4.3C0.9,23.1,126.7,99.2,500,100S1000,22.7,1000,4.3z\"\/>\n<\/svg>\t\t<\/div>\n\t\t<div class=\"elementor-element elementor-element-ee9147e e-flex e-con-boxed e-con e-child\" data-id=\"ee9147e\" data-element_type=\"container\">\n\t\t\t\t\t<div class=\"e-con-inner\">\n\t\t\t\t<div class=\"elementor-element elementor-element-3362b10 animated-slow elementor-invisible elementor-widget elementor-widget-heading\" data-id=\"3362b10\" data-element_type=\"widget\" data-settings=\"{&quot;_animation&quot;:&quot;fadeInUp&quot;}\" data-widget_type=\"heading.default\">\n\t\t\t\t<div class=\"elementor-widget-container\">\n\t\t\t\t\t<h2 class=\"elementor-heading-title elementor-size-default\">Hizmetlerimiz<\/h2>\t\t\t\t<\/div>\n\t\t\t\t<\/div>\n\t\t\t\t<div class=\"elementor-element elementor-element-32bccdd animated-slow elementor-invisible elementor-widget elementor-widget-heading\" data-id=\"32bccdd\" data-element_type=\"widget\" data-settings=\"{&quot;_animation&quot;:&quot;fadeInUp&quot;}\" data-widget_type=\"heading.default\">\n\t\t\t\t<div class=\"elementor-widget-container\">\n\t\t\t\t\t<p class=\"elementor-heading-title elementor-size-default\">Kapsaml\u0131 Hayvanc\u0131l\u0131k \u00c7\u00f6z\u00fcmleri<br> Ba\u015far\u0131ya \u00d6zel.<\/p>\t\t\t\t<\/div>\n\t\t\t\t<\/div>\n\t\t\t\t\t<\/div>\n\t\t\t\t<\/div>\n\t\t<div class=\"elementor-element elementor-element-6ac08cd e-flex e-con-boxed e-con e-child\" data-id=\"6ac08cd\" data-element_type=\"container\">\n\t\t\t\t\t<div class=\"e-con-inner\">\n\t\t<div class=\"elementor-element elementor-element-1095929 e-con-full animated-fast e-flex elementor-invisible e-con e-child\" data-id=\"1095929\" data-element_type=\"container\" data-settings=\"{&quot;background_background&quot;:&quot;classic&quot;,&quot;animation&quot;:&quot;fadeInUp&quot;}\">\n\t\t\t\t<div class=\"elementor-element elementor-element-6607443 elementor-view-default elementor-position-top elementor-mobile-position-top elementor-widget elementor-widget-icon-box\" data-id=\"6607443\" data-element_type=\"widget\" data-widget_type=\"icon-box.default\">\n\t\t\t\t<div class=\"elementor-widget-container\">\n\t\t\t\t\t\t\t<div class=\"elementor-icon-box-wrapper\">\n\n\t\t\t\t\t\t<div class=\"elementor-icon-box-icon\">\n\t\t\t\t<span  class=\"elementor-icon\">\n\t\t\t\t<svg xmlns=\"http:\/\/www.w3.org\/2000\/svg\" viewBox=\"0 0 512 512\"><path d=\"M344 0H488c13.3 0 24 10.7 24 24V168c0 9.7-5.8 18.5-14.8 22.2s-19.3 1.7-26.2-5.2l-39-39-87 87c-9.4 9.4-24.6 9.4-33.9 0l-32-32c-9.4-9.4-9.4-24.6 0-33.9l87-87L327 41c-6.9-6.9-8.9-17.2-5.2-26.2S334.3 0 344 0zM168 512H24c-13.3 0-24-10.7-24-24V344c0-9.7 5.8-18.5 14.8-22.2s19.3-1.7 26.2 5.2l39 39 87-87c9.4-9.4 24.6-9.4 33.9 0l32 32c9.4 9.4 9.4 24.6 0 33.9l-87 87 39 39c6.9 6.9 8.9 17.2 5.2 26.2s-12.5 14.8-22.2 14.8z\"><\/path><\/svg>\t\t\t\t<\/span>\n\t\t\t<\/div>\n\t\t\t\n\t\t\t\t\t\t<div class=\"elementor-icon-box-content\">\n\n\t\t\t\t\t\t\t\t\t<h3 class=\"elementor-icon-box-title\">\n\t\t\t\t\t\t<span  >\n\t\t\t\t\t\t\tUluslararas\u0131 Hayvanc\u0131l\u0131k \u0130thalat\u0131 ve \u0130hracat\u0131\t\t\t\t\t\t<\/span>\n\t\t\t\t\t<\/h3>\n\t\t\t\t\n\t\t\t\t\n\t\t\t<\/div>\n\t\t\t\n\t\t<\/div>\n\t\t\t\t\t\t<\/div>\n\t\t\t\t<\/div>\n\t\t\t\t<\/div>\n\t\t<div class=\"elementor-element elementor-element-8fdf23f e-con-full e-flex elementor-invisible e-con e-child\" data-id=\"8fdf23f\" data-element_type=\"container\" data-settings=\"{&quot;background_background&quot;:&quot;classic&quot;,&quot;animation&quot;:&quot;fadeInUp&quot;}\">\n\t\t\t\t<div class=\"elementor-element elementor-element-4140df5 elementor-view-default elementor-position-top elementor-mobile-position-top elementor-widget elementor-widget-icon-box\" data-id=\"4140df5\" data-element_type=\"widget\" data-widget_type=\"icon-box.default\">\n\t\t\t\t<div class=\"elementor-widget-container\">\n\t\t\t\t\t\t\t<div class=\"elementor-icon-box-wrapper\">\n\n\t\t\t\t\t\t<div class=\"elementor-icon-box-icon\">\n\t\t\t\t<span  class=\"elementor-icon\">\n\t\t\t\t<svg xmlns=\"http:\/\/www.w3.org\/2000\/svg\" viewBox=\"0 0 640 512\"><path d=\"M96 224v32V416c0 17.7 14.3 32 32 32h32c17.7 0 32-14.3 32-32V327.8c9.9 6.6 20.6 12 32 16.1V368c0 8.8 7.2 16 16 16s16-7.2 16-16V351.1c5.3 .6 10.6 .9 16 .9s10.7-.3 16-.9V368c0 8.8 7.2 16 16 16s16-7.2 16-16V343.8c11.4-4 22.1-9.4 32-16.1V416c0 17.7 14.3 32 32 32h32c17.7 0 32-14.3 32-32V256l32 32v49.5c0 9.5 2.8 18.7 8.1 26.6L530 427c8.8 13.1 23.5 21 39.3 21c22.5 0 41.9-15.9 46.3-38l20.3-101.6c2.6-13-.3-26.5-8-37.3l-3.9-5.5V184c0-13.3-10.7-24-24-24s-24 10.7-24 24v14.4l-52.9-74.1C496 86.5 452.4 64 405.9 64H272 256 192 144C77.7 64 24 117.7 24 184v54C9.4 249.8 0 267.8 0 288v17.6c0 8 6.4 14.4 14.4 14.4C46.2 320 72 294.2 72 262.4V256 224 184c0-24.3 12.1-45.8 30.5-58.9C98.3 135.9 96 147.7 96 160v64zM560 336a16 16 0 1 1 32 0 16 16 0 1 1 -32 0zM166.6 166.6c-4.2-4.2-6.6-10-6.6-16c0-12.5 10.1-22.6 22.6-22.6H361.4c12.5 0 22.6 10.1 22.6 22.6c0 6-2.4 11.8-6.6 16l-23.4 23.4C332.2 211.8 302.7 224 272 224s-60.2-12.2-81.9-33.9l-23.4-23.4z\"><\/path><\/svg>\t\t\t\t<\/span>\n\t\t\t<\/div>\n\t\t\t\n\t\t\t\t\t\t<div class=\"elementor-icon-box-content\">\n\n\t\t\t\t\t\t\t\t\t<h3 class=\"elementor-icon-box-title\">\n\t\t\t\t\t\t<span  >\n\t\t\t\t\t\t\tDondurulmu\u015f ve Taze Et \u0130thalat ve \u0130hracat Hizmetleri\t\t\t\t\t\t<\/span>\n\t\t\t\t\t<\/h3>\n\t\t\t\t\n\t\t\t\t\n\t\t\t<\/div>\n\t\t\t\n\t\t<\/div>\n\t\t\t\t\t\t<\/div>\n\t\t\t\t<\/div>\n\t\t\t\t<\/div>\n\t\t<div class=\"elementor-element elementor-element-6c9b7d4 e-con-full animated-slow e-flex elementor-invisible e-con e-child\" data-id=\"6c9b7d4\" data-element_type=\"container\" data-settings=\"{&quot;background_background&quot;:&quot;classic&quot;,&quot;animation&quot;:&quot;fadeInUp&quot;}\">\n\t\t\t\t<div class=\"elementor-element elementor-element-8681495 elementor-view-default elementor-position-top elementor-mobile-position-top elementor-widget elementor-widget-icon-box\" data-id=\"8681495\" data-element_type=\"widget\" data-widget_type=\"icon-box.default\">\n\t\t\t\t<div class=\"elementor-widget-container\">\n\t\t\t\t\t\t\t<div class=\"elementor-icon-box-wrapper\">\n\n\t\t\t\t\t\t<div class=\"elementor-icon-box-icon\">\n\t\t\t\t<span  class=\"elementor-icon\">\n\t\t\t\t<svg xmlns=\"http:\/\/www.w3.org\/2000\/svg\" viewBox=\"0 0 512 512\"><path d=\"M160 32c0-17.7 14.3-32 32-32h32c17.7 0 32 14.3 32 32c17.7 0 32 14.3 32 32V288c0 17.7-14.3 32-32 32c0 17.7-14.3 32-32 32H192c-17.7 0-32-14.3-32-32c-17.7 0-32-14.3-32-32V64c0-17.7 14.3-32 32-32zM32 448H320c70.7 0 128-57.3 128-128s-57.3-128-128-128V128c106 0 192 86 192 192c0 49.2-18.5 94-48.9 128H480c17.7 0 32 14.3 32 32s-14.3 32-32 32H320 32c-17.7 0-32-14.3-32-32s14.3-32 32-32zm80-64H304c8.8 0 16 7.2 16 16s-7.2 16-16 16H112c-8.8 0-16-7.2-16-16s7.2-16 16-16z\"><\/path><\/svg>\t\t\t\t<\/span>\n\t\t\t<\/div>\n\t\t\t\n\t\t\t\t\t\t<div class=\"elementor-icon-box-content\">\n\n\t\t\t\t\t\t\t\t\t<h3 class=\"elementor-icon-box-title\">\n\t\t\t\t\t\t<span  >\n\t\t\t\t\t\t\tKarantina, Sa\u011fl\u0131k Testleri, Nakliye Koordinasyonu ve Sigorta Uzmanl\u0131\u011f\u0131\t\t\t\t\t\t<\/span>\n\t\t\t\t\t<\/h3>\n\t\t\t\t\n\t\t\t\t\n\t\t\t<\/div>\n\t\t\t\n\t\t<\/div>\n\t\t\t\t\t\t<\/div>\n\t\t\t\t<\/div>\n\t\t\t\t<\/div>\n\t\t\t\t\t<\/div>\n\t\t\t\t<\/div>\n\t\t\t\t\t<\/div>\n\t\t\t\t<\/div>\n\t\t\t\t<\/div>\n\t\t","protected":false},"excerpt":{"rendered":"<p>Mercado Hakk\u0131nda Hayvanc\u0131l\u0131k Sekt\u00f6r\u00fcndeki 40 Y\u0131ll\u0131k M\u00fckemmelli\u011fimizi Ke\u015ffedin Mercado Hayvanc\u0131l\u0131k Grubu olarak, hayvanc\u0131l\u0131k ve taze et end\u00fcstrisinde k\u0131rk y\u0131l\u0131 a\u015fk\u0131n deneyime sahip se\u00e7kin bir uluslararas\u0131 kurulu\u015f olmaktan gurur duyuyoruz. \u0130thalat ve ihracat pazar\u0131nda \u00f6nemli bir varl\u0131k olarak T\u00fcrkiye, Orta Do\u011fu ve K\u00f6rfez gibi b\u00f6lgelere ba\u015far\u0131yla hizmet verdik. Kaliteye ve yenili\u011fe olan ba\u011fl\u0131l\u0131\u011f\u0131m\u0131z bizi bu alanda [&hellip;]<\/p>\n","protected":false},"author":1,"featured_media":0,"parent":0,"menu_order":0,"comment_status":"closed","ping_status":"closed","template":"","meta":{"footnotes":""},"class_list":["post-454","page","type-page","status-publish","hentry"],"yoast_head":"<!-- This site is optimized with the Yoast SEO plugin v22.9 - https:\/\/yoast.com\/wordpress\/plugins\/seo\/ -->\n<title>Hakk\u0131m\u0131zda - Mercado Group<\/title>\n<meta name=\"robots\" content=\"index, follow, max-snippet:-1, max-image-preview:large, max-video-preview:-1\" \/>\n<link rel=\"canonical\" href=\"https:\/\/mercadogroup.com.tr\/tr\/hakkimizda\/\" \/>\n<meta property=\"og:locale\" content=\"tr_TR\" \/>\n<meta property=\"og:type\" content=\"article\" \/>\n<meta property=\"og:title\" content=\"Hakk\u0131m\u0131zda - Mercado Group\" \/>\n<meta property=\"og:description\" content=\"Mercado Hakk\u0131nda Hayvanc\u0131l\u0131k Sekt\u00f6r\u00fcndeki 40 Y\u0131ll\u0131k M\u00fckemmelli\u011fimizi Ke\u015ffedin Mercado Hayvanc\u0131l\u0131k Grubu olarak, hayvanc\u0131l\u0131k ve taze et end\u00fcstrisinde k\u0131rk y\u0131l\u0131 a\u015fk\u0131n deneyime sahip se\u00e7kin bir uluslararas\u0131 kurulu\u015f olmaktan gurur duyuyoruz. \u0130thalat ve ihracat pazar\u0131nda \u00f6nemli bir varl\u0131k olarak T\u00fcrkiye, Orta Do\u011fu ve K\u00f6rfez gibi b\u00f6lgelere ba\u015far\u0131yla hizmet verdik. Kaliteye ve yenili\u011fe olan ba\u011fl\u0131l\u0131\u011f\u0131m\u0131z bizi bu alanda [&hellip;]\" \/>\n<meta property=\"og:url\" content=\"https:\/\/mercadogroup.com.tr\/tr\/hakkimizda\/\" \/>\n<meta property=\"og:site_name\" content=\"Mercado Group\" \/>\n<meta property=\"article:modified_time\" content=\"2024-02-02T16:47:55+00:00\" \/>\n<meta property=\"og:image\" content=\"https:\/\/mercadogroup.com.tr\/wp-content\/uploads\/2024\/01\/e1e4aa26-3316-4fbf-87f9-23cede2b3606.jpeg\" \/>\n<meta name=\"twitter:card\" content=\"summary_large_image\" \/>\n<meta name=\"twitter:label1\" content=\"Tahmini okuma s\u00fcresi\" \/>\n\t<meta name=\"twitter:data1\" content=\"1 dakika\" \/>\n<script type=\"application\/ld+json\" class=\"yoast-schema-graph\">{\"@context\":\"https:\/\/schema.org\",\"@graph\":[{\"@type\":\"WebPage\",\"@id\":\"https:\/\/mercadogroup.com.tr\/tr\/hakkimizda\/\",\"url\":\"https:\/\/mercadogroup.com.tr\/tr\/hakkimizda\/\",\"name\":\"Hakk\u0131m\u0131zda - Mercado Group\",\"isPartOf\":{\"@id\":\"https:\/\/mercadogroup.com.tr\/tr\/#website\"},\"primaryImageOfPage\":{\"@id\":\"https:\/\/mercadogroup.com.tr\/tr\/hakkimizda\/#primaryimage\"},\"image\":{\"@id\":\"https:\/\/mercadogroup.com.tr\/tr\/hakkimizda\/#primaryimage\"},\"thumbnailUrl\":\"https:\/\/mercadogroup.com.tr\/wp-content\/uploads\/2024\/01\/e1e4aa26-3316-4fbf-87f9-23cede2b3606.jpeg\",\"datePublished\":\"2024-01-22T00:56:49+00:00\",\"dateModified\":\"2024-02-02T16:47:55+00:00\",\"breadcrumb\":{\"@id\":\"https:\/\/mercadogroup.com.tr\/tr\/hakkimizda\/#breadcrumb\"},\"inLanguage\":\"tr\",\"potentialAction\":[{\"@type\":\"ReadAction\",\"target\":[\"https:\/\/mercadogroup.com.tr\/tr\/hakkimizda\/\"]}]},{\"@type\":\"ImageObject\",\"inLanguage\":\"tr\",\"@id\":\"https:\/\/mercadogroup.com.tr\/tr\/hakkimizda\/#primaryimage\",\"url\":\"https:\/\/mercadogroup.com.tr\/wp-content\/uploads\/2024\/01\/e1e4aa26-3316-4fbf-87f9-23cede2b3606.jpeg\",\"contentUrl\":\"https:\/\/mercadogroup.com.tr\/wp-content\/uploads\/2024\/01\/e1e4aa26-3316-4fbf-87f9-23cede2b3606.jpeg\"},{\"@type\":\"BreadcrumbList\",\"@id\":\"https:\/\/mercadogroup.com.tr\/tr\/hakkimizda\/#breadcrumb\",\"itemListElement\":[{\"@type\":\"ListItem\",\"position\":1,\"name\":\"Home\",\"item\":\"https:\/\/mercadogroup.com.tr\/tr\/\"},{\"@type\":\"ListItem\",\"position\":2,\"name\":\"Hakk\u0131m\u0131zda\"}]},{\"@type\":\"WebSite\",\"@id\":\"https:\/\/mercadogroup.com.tr\/tr\/#website\",\"url\":\"https:\/\/mercadogroup.com.tr\/tr\/\",\"name\":\"Mercado Group\",\"description\":\"Your Trusted Partner in Livestock Excellence\",\"publisher\":{\"@id\":\"https:\/\/mercadogroup.com.tr\/tr\/#organization\"},\"potentialAction\":[{\"@type\":\"SearchAction\",\"target\":{\"@type\":\"EntryPoint\",\"urlTemplate\":\"https:\/\/mercadogroup.com.tr\/tr\/?s={search_term_string}\"},\"query-input\":\"required name=search_term_string\"}],\"inLanguage\":\"tr\"},{\"@type\":\"Organization\",\"@id\":\"https:\/\/mercadogroup.com.tr\/tr\/#organization\",\"name\":\"Mercado Group\",\"url\":\"https:\/\/mercadogroup.com.tr\/tr\/\",\"logo\":{\"@type\":\"ImageObject\",\"inLanguage\":\"tr\",\"@id\":\"https:\/\/mercadogroup.com.tr\/tr\/#\/schema\/logo\/image\/\",\"url\":\"https:\/\/mercadogroup.com.tr\/wp-content\/uploads\/2024\/01\/cropped-mercado-logo-scaled-1.gif\",\"contentUrl\":\"https:\/\/mercadogroup.com.tr\/wp-content\/uploads\/2024\/01\/cropped-mercado-logo-scaled-1.gif\",\"width\":2440,\"height\":696,\"caption\":\"Mercado Group\"},\"image\":{\"@id\":\"https:\/\/mercadogroup.com.tr\/tr\/#\/schema\/logo\/image\/\"}}]}<\/script>\n<!-- \/ Yoast SEO plugin. -->","yoast_head_json":{"title":"Hakk\u0131m\u0131zda - Mercado Group","robots":{"index":"index","follow":"follow","max-snippet":"max-snippet:-1","max-image-preview":"max-image-preview:large","max-video-preview":"max-video-preview:-1"},"canonical":"https:\/\/mercadogroup.com.tr\/tr\/hakkimizda\/","og_locale":"tr_TR","og_type":"article","og_title":"Hakk\u0131m\u0131zda - Mercado Group","og_description":"Mercado Hakk\u0131nda Hayvanc\u0131l\u0131k Sekt\u00f6r\u00fcndeki 40 Y\u0131ll\u0131k M\u00fckemmelli\u011fimizi Ke\u015ffedin Mercado Hayvanc\u0131l\u0131k Grubu olarak, hayvanc\u0131l\u0131k ve taze et end\u00fcstrisinde k\u0131rk y\u0131l\u0131 a\u015fk\u0131n deneyime sahip se\u00e7kin bir uluslararas\u0131 kurulu\u015f olmaktan gurur duyuyoruz. \u0130thalat ve ihracat pazar\u0131nda \u00f6nemli bir varl\u0131k olarak T\u00fcrkiye, Orta Do\u011fu ve K\u00f6rfez gibi b\u00f6lgelere ba\u015far\u0131yla hizmet verdik. Kaliteye ve yenili\u011fe olan ba\u011fl\u0131l\u0131\u011f\u0131m\u0131z bizi bu alanda [&hellip;]","og_url":"https:\/\/mercadogroup.com.tr\/tr\/hakkimizda\/","og_site_name":"Mercado Group","article_modified_time":"2024-02-02T16:47:55+00:00","og_image":[{"url":"https:\/\/mercadogroup.com.tr\/wp-content\/uploads\/2024\/01\/e1e4aa26-3316-4fbf-87f9-23cede2b3606.jpeg"}],"twitter_card":"summary_large_image","twitter_misc":{"Tahmini okuma s\u00fcresi":"1 dakika"},"schema":{"@context":"https:\/\/schema.org","@graph":[{"@type":"WebPage","@id":"https:\/\/mercadogroup.com.tr\/tr\/hakkimizda\/","url":"https:\/\/mercadogroup.com.tr\/tr\/hakkimizda\/","name":"Hakk\u0131m\u0131zda - Mercado Group","isPartOf":{"@id":"https:\/\/mercadogroup.com.tr\/tr\/#website"},"primaryImageOfPage":{"@id":"https:\/\/mercadogroup.com.tr\/tr\/hakkimizda\/#primaryimage"},"image":{"@id":"https:\/\/mercadogroup.com.tr\/tr\/hakkimizda\/#primaryimage"},"thumbnailUrl":"https:\/\/mercadogroup.com.tr\/wp-content\/uploads\/2024\/01\/e1e4aa26-3316-4fbf-87f9-23cede2b3606.jpeg","datePublished":"2024-01-22T00:56:49+00:00","dateModified":"2024-02-02T16:47:55+00:00","breadcrumb":{"@id":"https:\/\/mercadogroup.com.tr\/tr\/hakkimizda\/#breadcrumb"},"inLanguage":"tr","potentialAction":[{"@type":"ReadAction","target":["https:\/\/mercadogroup.com.tr\/tr\/hakkimizda\/"]}]},{"@type":"ImageObject","inLanguage":"tr","@id":"https:\/\/mercadogroup.com.tr\/tr\/hakkimizda\/#primaryimage","url":"https:\/\/mercadogroup.com.tr\/wp-content\/uploads\/2024\/01\/e1e4aa26-3316-4fbf-87f9-23cede2b3606.jpeg","contentUrl":"https:\/\/mercadogroup.com.tr\/wp-content\/uploads\/2024\/01\/e1e4aa26-3316-4fbf-87f9-23cede2b3606.jpeg"},{"@type":"BreadcrumbList","@id":"https:\/\/mercadogroup.com.tr\/tr\/hakkimizda\/#breadcrumb","itemListElement":[{"@type":"ListItem","position":1,"name":"Home","item":"https:\/\/mercadogroup.com.tr\/tr\/"},{"@type":"ListItem","position":2,"name":"Hakk\u0131m\u0131zda"}]},{"@type":"WebSite","@id":"https:\/\/mercadogroup.com.tr\/tr\/#website","url":"https:\/\/mercadogroup.com.tr\/tr\/","name":"Mercado Group","description":"Your Trusted Partner in Livestock Excellence","publisher":{"@id":"https:\/\/mercadogroup.com.tr\/tr\/#organization"},"potentialAction":[{"@type":"SearchAction","target":{"@type":"EntryPoint","urlTemplate":"https:\/\/mercadogroup.com.tr\/tr\/?s={search_term_string}"},"query-input":"required name=search_term_string"}],"inLanguage":"tr"},{"@type":"Organization","@id":"https:\/\/mercadogroup.com.tr\/tr\/#organization","name":"Mercado Group","url":"https:\/\/mercadogroup.com.tr\/tr\/","logo":{"@type":"ImageObject","inLanguage":"tr","@id":"https:\/\/mercadogroup.com.tr\/tr\/#\/schema\/logo\/image\/","url":"https:\/\/mercadogroup.com.tr\/wp-content\/uploads\/2024\/01\/cropped-mercado-logo-scaled-1.gif","contentUrl":"https:\/\/mercadogroup.com.tr\/wp-content\/uploads\/2024\/01\/cropped-mercado-logo-scaled-1.gif","width":2440,"height":696,"caption":"Mercado Group"},"image":{"@id":"https:\/\/mercadogroup.com.tr\/tr\/#\/schema\/logo\/image\/"}}]}},"_links":{"self":[{"href":"https:\/\/mercadogroup.com.tr\/tr\/wp-json\/wp\/v2\/pages\/454","targetHints":{"allow":["GET"]}}],"collection":[{"href":"https:\/\/mercadogroup.com.tr\/tr\/wp-json\/wp\/v2\/pages"}],"about":[{"href":"https:\/\/mercadogroup.com.tr\/tr\/wp-json\/wp\/v2\/types\/page"}],"author":[{"embeddable":true,"href":"https:\/\/mercadogroup.com.tr\/tr\/wp-json\/wp\/v2\/users\/1"}],"replies":[{"embeddable":true,"href":"https:\/\/mercadogroup.com.tr\/tr\/wp-json\/wp\/v2\/comments?post=454"}],"version-history":[{"count":5,"href":"https:\/\/mercadogroup.com.tr\/tr\/wp-json\/wp\/v2\/pages\/454\/revisions"}],"predecessor-version":[{"id":459,"href":"https:\/\/mercadogroup.com.tr\/tr\/wp-json\/wp\/v2\/pages\/454\/revisions\/459"}],"wp:attachment":[{"href":"https:\/\/mercadogroup.com.tr\/tr\/wp-json\/wp\/v2\/media?parent=454"}],"curies":[{"name":"wp","href":"https:\/\/api.w.org\/{rel}","templated":true}]}}