{"id":460,"date":"2024-01-22T00:59:33","date_gmt":"2024-01-22T00:59:33","guid":{"rendered":"https:\/\/mercadogroup.com.tr\/iletisim\/"},"modified":"2024-02-02T16:48:57","modified_gmt":"2024-02-02T16:48:57","slug":"iletisim","status":"publish","type":"page","link":"https:\/\/mercadogroup.com.tr\/tr\/iletisim\/","title":{"rendered":"\u0130leti\u015fim"},"content":{"rendered":"\t\t<div data-elementor-type=\"wp-page\" data-elementor-id=\"460\" class=\"elementor elementor-460 elementor-376\" data-elementor-post-type=\"page\">\n\t\t\t\t<div class=\"elementor-element elementor-element-0b7eead e-flex e-con-boxed e-con e-parent\" data-id=\"0b7eead\" data-element_type=\"container\">\n\t\t\t\t\t<div class=\"e-con-inner\">\n\t\t<div class=\"elementor-element elementor-element-940e63b e-flex e-con-boxed e-con e-child\" data-id=\"940e63b\" data-element_type=\"container\">\n\t\t\t\t\t<div class=\"e-con-inner\">\n\t\t\t\t<div class=\"elementor-element elementor-element-2d690f6 animated-slow elementor-invisible elementor-widget elementor-widget-heading\" data-id=\"2d690f6\" data-element_type=\"widget\" data-settings=\"{&quot;_animation&quot;:&quot;fadeInUp&quot;}\" data-widget_type=\"heading.default\">\n\t\t\t\t<div class=\"elementor-widget-container\">\n\t\t\t\t\t<h2 class=\"elementor-heading-title elementor-size-default\">\u0130leti\u015fim<\/h2>\t\t\t\t<\/div>\n\t\t\t\t<\/div>\n\t\t\t\t<div class=\"elementor-element elementor-element-3a91630 animated-slow elementor-invisible elementor-widget elementor-widget-heading\" data-id=\"3a91630\" data-element_type=\"widget\" data-settings=\"{&quot;_animation&quot;:&quot;fadeInUp&quot;}\" data-widget_type=\"heading.default\">\n\t\t\t\t<div class=\"elementor-widget-container\">\n\t\t\t\t\t<p class=\"elementor-heading-title elementor-size-default\">\u0130leti\u015fimde kal\u0131n<\/p>\t\t\t\t<\/div>\n\t\t\t\t<\/div>\n\t\t\t\t\t<\/div>\n\t\t\t\t<\/div>\n\t\t<div class=\"elementor-element elementor-element-b8f4755 e-flex e-con-boxed e-con e-child\" data-id=\"b8f4755\" data-element_type=\"container\">\n\t\t\t\t\t<div class=\"e-con-inner\">\n\t\t\t\t<div class=\"elementor-element elementor-element-0d20bd7 elementor-button-align-center elementor-invisible elementor-widget elementor-widget-form\" data-id=\"0d20bd7\" data-element_type=\"widget\" data-settings=\"{&quot;step_next_label&quot;:&quot;Sonraki&quot;,&quot;step_previous_label&quot;:&quot;\\u00d6ncesi&quot;,&quot;_animation&quot;:&quot;fadeInUp&quot;,&quot;button_width&quot;:&quot;100&quot;,&quot;step_type&quot;:&quot;number_text&quot;,&quot;step_icon_shape&quot;:&quot;circle&quot;}\" data-widget_type=\"form.default\">\n\t\t\t\t<div class=\"elementor-widget-container\">\n\t\t\t\t\t\t\t<form class=\"elementor-form\" method=\"post\" name=\"\u0130leti\u015fim Formu \">\n\t\t\t<input type=\"hidden\" name=\"post_id\" value=\"460\"\/>\n\t\t\t<input type=\"hidden\" name=\"form_id\" value=\"0d20bd7\"\/>\n\t\t\t<input type=\"hidden\" name=\"referer_title\" value=\"\u0130leti\u015fim - Mercado Group\" \/>\n\n\t\t\t\t\t\t\t<input type=\"hidden\" name=\"queried_id\" value=\"460\"\/>\n\t\t\t\n\t\t\t<div class=\"elementor-form-fields-wrapper elementor-labels-above\">\n\t\t\t\t\t\t\t\t<div class=\"elementor-field-type-text elementor-field-group elementor-column elementor-field-group-name elementor-col-50 elementor-field-required elementor-mark-required\">\n\t\t\t\t\t\t\t\t\t\t\t\t<label for=\"form-field-name\" class=\"elementor-field-label\">\n\t\t\t\t\t\t\t\t\u0130sim\t\t\t\t\t\t\t<\/label>\n\t\t\t\t\t\t\t\t\t\t\t\t\t\t<input size=\"1\" type=\"text\" name=\"form_fields[name]\" id=\"form-field-name\" class=\"elementor-field elementor-size-sm  elementor-field-textual\" placeholder=\"\u0130sim\" required=\"required\" aria-required=\"true\">\n\t\t\t\t\t\t\t\t\t\t\t<\/div>\n\t\t\t\t\t\t\t\t<div class=\"elementor-field-type-text elementor-field-group elementor-column elementor-field-group-lastName elementor-col-50\">\n\t\t\t\t\t\t\t\t\t\t\t\t<label for=\"form-field-lastName\" class=\"elementor-field-label\">\n\t\t\t\t\t\t\t\tSoy isim\t\t\t\t\t\t\t<\/label>\n\t\t\t\t\t\t\t\t\t\t\t\t\t\t<input size=\"1\" type=\"text\" name=\"form_fields[lastName]\" id=\"form-field-lastName\" class=\"elementor-field elementor-size-sm  elementor-field-textual\" placeholder=\"Soy isim\">\n\t\t\t\t\t\t\t\t\t\t\t<\/div>\n\t\t\t\t\t\t\t\t<div class=\"elementor-field-type-email elementor-field-group elementor-column elementor-field-group-email elementor-col-50 elementor-field-required elementor-mark-required\">\n\t\t\t\t\t\t\t\t\t\t\t\t<label for=\"form-field-email\" class=\"elementor-field-label\">\n\t\t\t\t\t\t\t\tE-posta\t\t\t\t\t\t\t<\/label>\n\t\t\t\t\t\t\t\t\t\t\t\t\t\t<input size=\"1\" type=\"email\" name=\"form_fields[email]\" id=\"form-field-email\" class=\"elementor-field elementor-size-sm  elementor-field-textual\" placeholder=\"E-posta\" required=\"required\" aria-required=\"true\">\n\t\t\t\t\t\t\t\t\t\t\t<\/div>\n\t\t\t\t\t\t\t\t<div class=\"elementor-field-type-tel elementor-field-group elementor-column elementor-field-group-phone elementor-col-50\">\n\t\t\t\t\t\t\t\t\t\t\t\t<label for=\"form-field-phone\" class=\"elementor-field-label\">\n\t\t\t\t\t\t\t\tTelefon numaras\u0131\t\t\t\t\t\t\t<\/label>\n\t\t\t\t\t\t\t\t<input size=\"1\" type=\"tel\" name=\"form_fields[phone]\" id=\"form-field-phone\" class=\"elementor-field elementor-size-sm  elementor-field-textual\" placeholder=\"Telefon numaras\u0131\" pattern=\"[0-9()#&amp;+*-=.]+\" title=\"Only numbers and phone characters (#, -, *, etc) are accepted.\">\n\n\t\t\t\t\t\t<\/div>\n\t\t\t\t\t\t\t\t<div class=\"elementor-field-type-textarea elementor-field-group elementor-column elementor-field-group-message elementor-col-100 elementor-field-required elementor-mark-required\">\n\t\t\t\t\t\t\t\t\t\t\t\t<label for=\"form-field-message\" class=\"elementor-field-label\">\n\t\t\t\t\t\t\t\tMesaj\t\t\t\t\t\t\t<\/label>\n\t\t\t\t\t\t<textarea class=\"elementor-field-textual elementor-field  elementor-size-sm\" name=\"form_fields[message]\" id=\"form-field-message\" rows=\"4\" placeholder=\"Mesaj\" required=\"required\" aria-required=\"true\"><\/textarea>\t\t\t\t<\/div>\n\t\t\t\t\t\t\t\t<div class=\"elementor-field-type-recaptcha elementor-field-group elementor-column elementor-field-group-field_dfd1c29 elementor-col-100\">\n\t\t\t\t\t<div class=\"elementor-field\" id=\"form-field-field_dfd1c29\"><div class=\"elementor-g-recaptcha\" data-sitekey=\"6LfMBVgpAAAAAJasiUOGiY_-HqmoIpjHpxe4uGSm\" data-type=\"v2_checkbox\" data-theme=\"light\" data-size=\"normal\"><\/div><\/div>\t\t\t\t<\/div>\n\t\t\t\t\t\t\t\t<div class=\"elementor-field-group elementor-column elementor-field-type-submit elementor-col-100 e-form__buttons\">\n\t\t\t\t\t<button class=\"elementor-button elementor-size-sm\" type=\"submit\">\n\t\t\t\t\t\t<span class=\"elementor-button-content-wrapper\">\n\t\t\t\t\t\t\t\t\t\t\t\t\t\t\t\t\t\t\t\t\t\t<span class=\"elementor-button-text\">G\u00f6nder<\/span>\n\t\t\t\t\t\t\t\t\t\t\t\t\t<\/span>\n\t\t\t\t\t<\/button>\n\t\t\t\t<\/div>\n\t\t\t<\/div>\n\t\t<\/form>\n\t\t\t\t\t\t<\/div>\n\t\t\t\t<\/div>\n\t\t\t\t\t<\/div>\n\t\t\t\t<\/div>\n\t\t\t\t\t<\/div>\n\t\t\t\t<\/div>\n\t\t<div class=\"elementor-element elementor-element-576f4cc e-con-full e-flex e-con e-parent\" data-id=\"576f4cc\" data-element_type=\"container\">\n\t\t<div class=\"elementor-element elementor-element-8c33030 e-con-full e-flex e-con e-child\" data-id=\"8c33030\" data-element_type=\"container\" data-settings=\"{&quot;background_background&quot;:&quot;classic&quot;}\">\n\t\t<div class=\"elementor-element elementor-element-5b08beb e-flex e-con-boxed e-con e-child\" data-id=\"5b08beb\" data-element_type=\"container\">\n\t\t\t\t\t<div class=\"e-con-inner\">\n\t\t\t\t<div class=\"elementor-element elementor-element-1f90579 animated-slow elementor-invisible elementor-widget elementor-widget-heading\" data-id=\"1f90579\" data-element_type=\"widget\" data-settings=\"{&quot;_animation&quot;:&quot;fadeInUp&quot;}\" data-widget_type=\"heading.default\">\n\t\t\t\t<div class=\"elementor-widget-container\">\n\t\t\t\t\t<h2 class=\"elementor-heading-title elementor-size-default\">Veya<\/h2>\t\t\t\t<\/div>\n\t\t\t\t<\/div>\n\t\t\t\t<div class=\"elementor-element elementor-element-7cadbc7 animated-slow elementor-invisible elementor-widget elementor-widget-heading\" data-id=\"7cadbc7\" data-element_type=\"widget\" data-settings=\"{&quot;_animation&quot;:&quot;fadeInUp&quot;}\" data-widget_type=\"heading.default\">\n\t\t\t\t<div class=\"elementor-widget-container\">\n\t\t\t\t\t<p class=\"elementor-heading-title elementor-size-default\">Mercado Hayvanc\u0131l\u0131k Grubu ile ileti\u015fime ge\u00e7in<\/p>\t\t\t\t<\/div>\n\t\t\t\t<\/div>\n\t\t\t\t\t<\/div>\n\t\t\t\t<\/div>\n\t\t<div class=\"elementor-element elementor-element-d52d036 e-flex e-con-boxed e-con e-child\" data-id=\"d52d036\" data-element_type=\"container\">\n\t\t\t\t\t<div class=\"e-con-inner\">\n\t\t<div class=\"elementor-element elementor-element-493d9fc e-con-full animated-fast e-flex elementor-invisible e-con e-child\" data-id=\"493d9fc\" data-element_type=\"container\" data-settings=\"{&quot;background_background&quot;:&quot;classic&quot;,&quot;animation&quot;:&quot;fadeInUp&quot;}\">\n\t\t\t\t<div class=\"elementor-element elementor-element-467fa1b elementor-view-default elementor-position-top elementor-mobile-position-top elementor-widget elementor-widget-icon-box\" data-id=\"467fa1b\" data-element_type=\"widget\" data-widget_type=\"icon-box.default\">\n\t\t\t\t<div class=\"elementor-widget-container\">\n\t\t\t\t\t\t\t<div class=\"elementor-icon-box-wrapper\">\n\n\t\t\t\t\t\t<div class=\"elementor-icon-box-icon\">\n\t\t\t\t<a href=\"tel:+905393222333\" class=\"elementor-icon\" tabindex=\"-1\" aria-label=\"+90 539 322 23 33\">\n\t\t\t\t<svg aria-hidden=\"true\" class=\"e-font-icon-svg e-fas-phone-alt\" viewBox=\"0 0 512 512\" xmlns=\"http:\/\/www.w3.org\/2000\/svg\"><path d=\"M497.39 361.8l-112-48a24 24 0 0 0-28 6.9l-49.6 60.6A370.66 370.66 0 0 1 130.6 204.11l60.6-49.6a23.94 23.94 0 0 0 6.9-28l-48-112A24.16 24.16 0 0 0 122.6.61l-104 24A24 24 0 0 0 0 48c0 256.5 207.9 464 464 464a24 24 0 0 0 23.4-18.6l24-104a24.29 24.29 0 0 0-14.01-27.6z\"><\/path><\/svg>\t\t\t\t<\/a>\n\t\t\t<\/div>\n\t\t\t\n\t\t\t\t\t\t<div class=\"elementor-icon-box-content\">\n\n\t\t\t\t\t\t\t\t\t<h3 class=\"elementor-icon-box-title\">\n\t\t\t\t\t\t<a href=\"tel:+905393222333\" >\n\t\t\t\t\t\t\t+90 539 322 23 33\t\t\t\t\t\t<\/a>\n\t\t\t\t\t<\/h3>\n\t\t\t\t\n\t\t\t\t\n\t\t\t<\/div>\n\t\t\t\n\t\t<\/div>\n\t\t\t\t\t\t<\/div>\n\t\t\t\t<\/div>\n\t\t\t\t<\/div>\n\t\t<div class=\"elementor-element elementor-element-c7aabb9 e-con-full e-flex elementor-invisible e-con e-child\" data-id=\"c7aabb9\" data-element_type=\"container\" data-settings=\"{&quot;background_background&quot;:&quot;classic&quot;,&quot;animation&quot;:&quot;fadeInUp&quot;}\">\n\t\t\t\t<div class=\"elementor-element elementor-element-2540c34 elementor-view-default elementor-position-top elementor-mobile-position-top elementor-widget elementor-widget-icon-box\" data-id=\"2540c34\" data-element_type=\"widget\" data-widget_type=\"icon-box.default\">\n\t\t\t\t<div class=\"elementor-widget-container\">\n\t\t\t\t\t\t\t<div class=\"elementor-icon-box-wrapper\">\n\n\t\t\t\t\t\t<div class=\"elementor-icon-box-icon\">\n\t\t\t\t<a href=\"mailto:mohamad.masri@mercadogroup.com.tr\" class=\"elementor-icon\" tabindex=\"-1\" aria-label=\"mohamad.masri@mercadogroup.com.tr\">\n\t\t\t\t<svg aria-hidden=\"true\" class=\"e-font-icon-svg e-far-envelope\" viewBox=\"0 0 512 512\" xmlns=\"http:\/\/www.w3.org\/2000\/svg\"><path d=\"M464 64H48C21.49 64 0 85.49 0 112v288c0 26.51 21.49 48 48 48h416c26.51 0 48-21.49 48-48V112c0-26.51-21.49-48-48-48zm0 48v40.805c-22.422 18.259-58.168 46.651-134.587 106.49-16.841 13.247-50.201 45.072-73.413 44.701-23.208.375-56.579-31.459-73.413-44.701C106.18 199.465 70.425 171.067 48 152.805V112h416zM48 400V214.398c22.914 18.251 55.409 43.862 104.938 82.646 21.857 17.205 60.134 55.186 103.062 54.955 42.717.231 80.509-37.199 103.053-54.947 49.528-38.783 82.032-64.401 104.947-82.653V400H48z\"><\/path><\/svg>\t\t\t\t<\/a>\n\t\t\t<\/div>\n\t\t\t\n\t\t\t\t\t\t<div class=\"elementor-icon-box-content\">\n\n\t\t\t\t\t\t\t\t\t<h3 class=\"elementor-icon-box-title\">\n\t\t\t\t\t\t<a href=\"mailto:mohamad.masri@mercadogroup.com.tr\" >\n\t\t\t\t\t\t\tmohamad.masri@mercadogroup.com.tr\t\t\t\t\t\t<\/a>\n\t\t\t\t\t<\/h3>\n\t\t\t\t\n\t\t\t\t\n\t\t\t<\/div>\n\t\t\t\n\t\t<\/div>\n\t\t\t\t\t\t<\/div>\n\t\t\t\t<\/div>\n\t\t\t\t<\/div>\n\t\t<div class=\"elementor-element elementor-element-603fe30 e-con-full animated-slow e-flex elementor-invisible e-con e-child\" data-id=\"603fe30\" data-element_type=\"container\" data-settings=\"{&quot;background_background&quot;:&quot;classic&quot;,&quot;animation&quot;:&quot;fadeInUp&quot;}\">\n\t\t\t\t<div class=\"elementor-element elementor-element-ea5cf75 elementor-view-default elementor-position-top elementor-mobile-position-top elementor-widget elementor-widget-icon-box\" data-id=\"ea5cf75\" data-element_type=\"widget\" data-widget_type=\"icon-box.default\">\n\t\t\t\t<div class=\"elementor-widget-container\">\n\t\t\t\t\t\t\t<div class=\"elementor-icon-box-wrapper\">\n\n\t\t\t\t\t\t<div class=\"elementor-icon-box-icon\">\n\t\t\t\t<a href=\"https:\/\/maps.app.goo.gl\/55omrm1Hs684NZdm6\" class=\"elementor-icon\" tabindex=\"-1\" aria-label=\"Atak\u00f6y 7-8-9-10. k\u0131s\u0131m mah. \u00e7oban\u00e7e\u015fme E5 Yan Yol Cad. Atak\u00f6y Tower A block No: 20\/1\/70 Bak\u0131rk\u00f6y \/ \u0130stanbul\">\n\t\t\t\t<svg aria-hidden=\"true\" class=\"e-font-icon-svg e-fas-map-marker-alt\" viewBox=\"0 0 384 512\" xmlns=\"http:\/\/www.w3.org\/2000\/svg\"><path d=\"M172.268 501.67C26.97 291.031 0 269.413 0 192 0 85.961 85.961 0 192 0s192 85.961 192 192c0 77.413-26.97 99.031-172.268 309.67-9.535 13.774-29.93 13.773-39.464 0zM192 272c44.183 0 80-35.817 80-80s-35.817-80-80-80-80 35.817-80 80 35.817 80 80 80z\"><\/path><\/svg>\t\t\t\t<\/a>\n\t\t\t<\/div>\n\t\t\t\n\t\t\t\t\t\t<div class=\"elementor-icon-box-content\">\n\n\t\t\t\t\t\t\t\t\t<h3 class=\"elementor-icon-box-title\">\n\t\t\t\t\t\t<a href=\"https:\/\/maps.app.goo.gl\/55omrm1Hs684NZdm6\" >\n\t\t\t\t\t\t\tAtak\u00f6y 7-8-9-10. k\u0131s\u0131m mah. \u00e7oban\u00e7e\u015fme E5 Yan Yol Cad. Atak\u00f6y Tower A block No: 20\/1\/70 Bak\u0131rk\u00f6y \/ \u0130stanbul\t\t\t\t\t\t<\/a>\n\t\t\t\t\t<\/h3>\n\t\t\t\t\n\t\t\t\t\n\t\t\t<\/div>\n\t\t\t\n\t\t<\/div>\n\t\t\t\t\t\t<\/div>\n\t\t\t\t<\/div>\n\t\t\t\t<\/div>\n\t\t\t\t\t<\/div>\n\t\t\t\t<\/div>\n\t\t\t\t<\/div>\n\t\t<div class=\"elementor-element elementor-element-08c15e6 e-con-full e-flex e-con e-child\" data-id=\"08c15e6\" data-element_type=\"container\">\n\t\t\t\t<div class=\"elementor-element elementor-element-9de3e18 elementor-widget elementor-widget-google_maps\" data-id=\"9de3e18\" data-element_type=\"widget\" data-widget_type=\"google_maps.default\">\n\t\t\t\t<div class=\"elementor-widget-container\">\n\t\t\t\t\t\t\t<div class=\"elementor-custom-embed\">\n\t\t\t<iframe loading=\"lazy\"\n\t\t\t\t\tsrc=\"https:\/\/maps.google.com\/maps?q=ATAK%C3%96Y%207-8-9-10.%20KISIM%20MAH.%20%C3%87OBAN%C3%87E%C5%9EME%20E-5%20YANYOL%20CAD.%20NO%3A%2020%2C%2034212%20Bak%C4%B1rk%C3%B6y&#038;t=m&#038;z=15&#038;output=embed&#038;iwloc=near\"\n\t\t\t\t\ttitle=\"ATAK\u00d6Y 7-8-9-10. KISIM MAH. \u00c7OBAN\u00c7E\u015eME E-5 YANYOL CAD. NO: 20, 34212 Bak\u0131rk\u00f6y\"\n\t\t\t\t\taria-label=\"ATAK\u00d6Y 7-8-9-10. KISIM MAH. \u00c7OBAN\u00c7E\u015eME E-5 YANYOL CAD. NO: 20, 34212 Bak\u0131rk\u00f6y\"\n\t\t\t><\/iframe>\n\t\t<\/div>\n\t\t\t\t\t\t<\/div>\n\t\t\t\t<\/div>\n\t\t\t\t<\/div>\n\t\t\t\t<\/div>\n\t\t\t\t<\/div>\n\t\t","protected":false},"excerpt":{"rendered":"<p>\u0130leti\u015fim \u0130leti\u015fimde kal\u0131n Veya Mercado Hayvanc\u0131l\u0131k Grubu ile ileti\u015fime ge\u00e7in +90 539 322 23 33 mohamad.masri@mercadogroup.com.tr Atak\u00f6y 7-8-9-10. k\u0131s\u0131m mah. \u00e7oban\u00e7e\u015fme E5 Yan Yol Cad. Atak\u00f6y Tower A block No: 20\/1\/70 Bak\u0131rk\u00f6y \/ \u0130stanbul<\/p>\n","protected":false},"author":1,"featured_media":0,"parent":0,"menu_order":0,"comment_status":"closed","ping_status":"closed","template":"","meta":{"footnotes":""},"class_list":["post-460","page","type-page","status-publish","hentry"],"yoast_head":"<!-- This site is optimized with the Yoast SEO plugin v22.9 - https:\/\/yoast.com\/wordpress\/plugins\/seo\/ -->\n<title>\u0130leti\u015fim - Mercado Group<\/title>\n<meta name=\"robots\" content=\"index, follow, max-snippet:-1, max-image-preview:large, max-video-preview:-1\" \/>\n<link rel=\"canonical\" href=\"https:\/\/mercadogroup.com.tr\/tr\/iletisim\/\" \/>\n<meta property=\"og:locale\" content=\"tr_TR\" \/>\n<meta property=\"og:type\" content=\"article\" \/>\n<meta property=\"og:title\" content=\"\u0130leti\u015fim - Mercado Group\" \/>\n<meta property=\"og:description\" content=\"\u0130leti\u015fim \u0130leti\u015fimde kal\u0131n Veya Mercado Hayvanc\u0131l\u0131k Grubu ile ileti\u015fime ge\u00e7in +90 539 322 23 33 mohamad.masri@mercadogroup.com.tr Atak\u00f6y 7-8-9-10. k\u0131s\u0131m mah. \u00e7oban\u00e7e\u015fme E5 Yan Yol Cad. Atak\u00f6y Tower A block No: 20\/1\/70 Bak\u0131rk\u00f6y \/ \u0130stanbul\" \/>\n<meta property=\"og:url\" content=\"https:\/\/mercadogroup.com.tr\/tr\/iletisim\/\" \/>\n<meta property=\"og:site_name\" content=\"Mercado Group\" \/>\n<meta property=\"article:modified_time\" content=\"2024-02-02T16:48:57+00:00\" \/>\n<meta name=\"twitter:card\" content=\"summary_large_image\" \/>\n<script type=\"application\/ld+json\" class=\"yoast-schema-graph\">{\"@context\":\"https:\/\/schema.org\",\"@graph\":[{\"@type\":\"WebPage\",\"@id\":\"https:\/\/mercadogroup.com.tr\/tr\/iletisim\/\",\"url\":\"https:\/\/mercadogroup.com.tr\/tr\/iletisim\/\",\"name\":\"\u0130leti\u015fim - Mercado Group\",\"isPartOf\":{\"@id\":\"https:\/\/mercadogroup.com.tr\/tr\/#website\"},\"datePublished\":\"2024-01-22T00:59:33+00:00\",\"dateModified\":\"2024-02-02T16:48:57+00:00\",\"breadcrumb\":{\"@id\":\"https:\/\/mercadogroup.com.tr\/tr\/iletisim\/#breadcrumb\"},\"inLanguage\":\"tr\",\"potentialAction\":[{\"@type\":\"ReadAction\",\"target\":[\"https:\/\/mercadogroup.com.tr\/tr\/iletisim\/\"]}]},{\"@type\":\"BreadcrumbList\",\"@id\":\"https:\/\/mercadogroup.com.tr\/tr\/iletisim\/#breadcrumb\",\"itemListElement\":[{\"@type\":\"ListItem\",\"position\":1,\"name\":\"Home\",\"item\":\"https:\/\/mercadogroup.com.tr\/tr\/\"},{\"@type\":\"ListItem\",\"position\":2,\"name\":\"\u0130leti\u015fim\"}]},{\"@type\":\"WebSite\",\"@id\":\"https:\/\/mercadogroup.com.tr\/tr\/#website\",\"url\":\"https:\/\/mercadogroup.com.tr\/tr\/\",\"name\":\"Mercado Group\",\"description\":\"Your Trusted Partner in Livestock Excellence\",\"publisher\":{\"@id\":\"https:\/\/mercadogroup.com.tr\/tr\/#organization\"},\"potentialAction\":[{\"@type\":\"SearchAction\",\"target\":{\"@type\":\"EntryPoint\",\"urlTemplate\":\"https:\/\/mercadogroup.com.tr\/tr\/?s={search_term_string}\"},\"query-input\":\"required name=search_term_string\"}],\"inLanguage\":\"tr\"},{\"@type\":\"Organization\",\"@id\":\"https:\/\/mercadogroup.com.tr\/tr\/#organization\",\"name\":\"Mercado Group\",\"url\":\"https:\/\/mercadogroup.com.tr\/tr\/\",\"logo\":{\"@type\":\"ImageObject\",\"inLanguage\":\"tr\",\"@id\":\"https:\/\/mercadogroup.com.tr\/tr\/#\/schema\/logo\/image\/\",\"url\":\"https:\/\/mercadogroup.com.tr\/wp-content\/uploads\/2024\/01\/cropped-mercado-logo-scaled-1.gif\",\"contentUrl\":\"https:\/\/mercadogroup.com.tr\/wp-content\/uploads\/2024\/01\/cropped-mercado-logo-scaled-1.gif\",\"width\":2440,\"height\":696,\"caption\":\"Mercado Group\"},\"image\":{\"@id\":\"https:\/\/mercadogroup.com.tr\/tr\/#\/schema\/logo\/image\/\"}}]}<\/script>\n<!-- \/ Yoast SEO plugin. -->","yoast_head_json":{"title":"\u0130leti\u015fim - Mercado Group","robots":{"index":"index","follow":"follow","max-snippet":"max-snippet:-1","max-image-preview":"max-image-preview:large","max-video-preview":"max-video-preview:-1"},"canonical":"https:\/\/mercadogroup.com.tr\/tr\/iletisim\/","og_locale":"tr_TR","og_type":"article","og_title":"\u0130leti\u015fim - Mercado Group","og_description":"\u0130leti\u015fim \u0130leti\u015fimde kal\u0131n Veya Mercado Hayvanc\u0131l\u0131k Grubu ile ileti\u015fime ge\u00e7in +90 539 322 23 33 mohamad.masri@mercadogroup.com.tr Atak\u00f6y 7-8-9-10. k\u0131s\u0131m mah. \u00e7oban\u00e7e\u015fme E5 Yan Yol Cad. Atak\u00f6y Tower A block No: 20\/1\/70 Bak\u0131rk\u00f6y \/ \u0130stanbul","og_url":"https:\/\/mercadogroup.com.tr\/tr\/iletisim\/","og_site_name":"Mercado Group","article_modified_time":"2024-02-02T16:48:57+00:00","twitter_card":"summary_large_image","schema":{"@context":"https:\/\/schema.org","@graph":[{"@type":"WebPage","@id":"https:\/\/mercadogroup.com.tr\/tr\/iletisim\/","url":"https:\/\/mercadogroup.com.tr\/tr\/iletisim\/","name":"\u0130leti\u015fim - Mercado Group","isPartOf":{"@id":"https:\/\/mercadogroup.com.tr\/tr\/#website"},"datePublished":"2024-01-22T00:59:33+00:00","dateModified":"2024-02-02T16:48:57+00:00","breadcrumb":{"@id":"https:\/\/mercadogroup.com.tr\/tr\/iletisim\/#breadcrumb"},"inLanguage":"tr","potentialAction":[{"@type":"ReadAction","target":["https:\/\/mercadogroup.com.tr\/tr\/iletisim\/"]}]},{"@type":"BreadcrumbList","@id":"https:\/\/mercadogroup.com.tr\/tr\/iletisim\/#breadcrumb","itemListElement":[{"@type":"ListItem","position":1,"name":"Home","item":"https:\/\/mercadogroup.com.tr\/tr\/"},{"@type":"ListItem","position":2,"name":"\u0130leti\u015fim"}]},{"@type":"WebSite","@id":"https:\/\/mercadogroup.com.tr\/tr\/#website","url":"https:\/\/mercadogroup.com.tr\/tr\/","name":"Mercado Group","description":"Your Trusted Partner in Livestock Excellence","publisher":{"@id":"https:\/\/mercadogroup.com.tr\/tr\/#organization"},"potentialAction":[{"@type":"SearchAction","target":{"@type":"EntryPoint","urlTemplate":"https:\/\/mercadogroup.com.tr\/tr\/?s={search_term_string}"},"query-input":"required name=search_term_string"}],"inLanguage":"tr"},{"@type":"Organization","@id":"https:\/\/mercadogroup.com.tr\/tr\/#organization","name":"Mercado Group","url":"https:\/\/mercadogroup.com.tr\/tr\/","logo":{"@type":"ImageObject","inLanguage":"tr","@id":"https:\/\/mercadogroup.com.tr\/tr\/#\/schema\/logo\/image\/","url":"https:\/\/mercadogroup.com.tr\/wp-content\/uploads\/2024\/01\/cropped-mercado-logo-scaled-1.gif","contentUrl":"https:\/\/mercadogroup.com.tr\/wp-content\/uploads\/2024\/01\/cropped-mercado-logo-scaled-1.gif","width":2440,"height":696,"caption":"Mercado Group"},"image":{"@id":"https:\/\/mercadogroup.com.tr\/tr\/#\/schema\/logo\/image\/"}}]}},"_links":{"self":[{"href":"https:\/\/mercadogroup.com.tr\/tr\/wp-json\/wp\/v2\/pages\/460","targetHints":{"allow":["GET"]}}],"collection":[{"href":"https:\/\/mercadogroup.com.tr\/tr\/wp-json\/wp\/v2\/pages"}],"about":[{"href":"https:\/\/mercadogroup.com.tr\/tr\/wp-json\/wp\/v2\/types\/page"}],"author":[{"embeddable":true,"href":"https:\/\/mercadogroup.com.tr\/tr\/wp-json\/wp\/v2\/users\/1"}],"replies":[{"embeddable":true,"href":"https:\/\/mercadogroup.com.tr\/tr\/wp-json\/wp\/v2\/comments?post=460"}],"version-history":[{"count":3,"href":"https:\/\/mercadogroup.com.tr\/tr\/wp-json\/wp\/v2\/pages\/460\/revisions"}],"predecessor-version":[{"id":463,"href":"https:\/\/mercadogroup.com.tr\/tr\/wp-json\/wp\/v2\/pages\/460\/revisions\/463"}],"wp:attachment":[{"href":"https:\/\/mercadogroup.com.tr\/tr\/wp-json\/wp\/v2\/media?parent=460"}],"curies":[{"name":"wp","href":"https:\/\/api.w.org\/{rel}","templated":true}]}}