{"id":464,"date":"2024-01-22T01:01:16","date_gmt":"2024-01-22T01:01:16","guid":{"rendered":"https:\/\/mercadogroup.com.tr\/blog\/"},"modified":"2024-02-02T16:50:03","modified_gmt":"2024-02-02T16:50:03","slug":"blog","status":"publish","type":"page","link":"https:\/\/mercadogroup.com.tr\/tr\/blog\/","title":{"rendered":"Blog"},"content":{"rendered":"\t\t<div data-elementor-type=\"wp-page\" data-elementor-id=\"464\" class=\"elementor elementor-464 elementor-382\" data-elementor-post-type=\"page\">\n\t\t\t\t<div class=\"elementor-element elementor-element-af5b8de e-flex e-con-boxed e-con e-parent\" data-id=\"af5b8de\" data-element_type=\"container\">\n\t\t\t\t\t<div class=\"e-con-inner\">\n\t\t<div class=\"elementor-element elementor-element-76e841d e-flex e-con-boxed e-con e-child\" data-id=\"76e841d\" data-element_type=\"container\">\n\t\t\t\t\t<div class=\"e-con-inner\">\n\t\t\t\t<div class=\"elementor-element elementor-element-be6288c animated-slow elementor-invisible elementor-widget elementor-widget-heading\" data-id=\"be6288c\" data-element_type=\"widget\" data-settings=\"{&quot;_animation&quot;:&quot;fadeInUp&quot;}\" data-widget_type=\"heading.default\">\n\t\t\t\t<div class=\"elementor-widget-container\">\n\t\t\t\t\t<h2 class=\"elementor-heading-title elementor-size-default\">Bloglar<\/h2>\t\t\t\t<\/div>\n\t\t\t\t<\/div>\n\t\t\t\t<div class=\"elementor-element elementor-element-daa5ec2 animated-slow elementor-invisible elementor-widget elementor-widget-heading\" data-id=\"daa5ec2\" data-element_type=\"widget\" data-settings=\"{&quot;_animation&quot;:&quot;fadeInUp&quot;}\" data-widget_type=\"heading.default\">\n\t\t\t\t<div class=\"elementor-widget-container\">\n\t\t\t\t\t<p class=\"elementor-heading-title elementor-size-default\">Hayvanc\u0131l\u0131k ve Tar\u0131m<br> D\u00fcnyas\u0131n\u0131 Ke\u015ffedin<\/p>\t\t\t\t<\/div>\n\t\t\t\t<\/div>\n\t\t\t\t\t<\/div>\n\t\t\t\t<\/div>\n\t\t<div class=\"elementor-element elementor-element-94c8ade e-flex e-con-boxed e-con e-child\" data-id=\"94c8ade\" data-element_type=\"container\">\n\t\t\t\t\t<div class=\"e-con-inner\">\n\t\t\t\t<div class=\"elementor-element elementor-element-64ac425 elementor-grid-2 elementor-grid-tablet-2 elementor-grid-mobile-1 elementor-widget elementor-widget-loop-grid\" data-id=\"64ac425\" data-element_type=\"widget\" data-settings=\"{&quot;template_id&quot;:288,&quot;columns&quot;:2,&quot;pagination_type&quot;:&quot;load_more_on_click&quot;,&quot;_skin&quot;:&quot;post&quot;,&quot;columns_tablet&quot;:&quot;2&quot;,&quot;columns_mobile&quot;:&quot;1&quot;,&quot;edit_handle_selector&quot;:&quot;[data-elementor-type=\\&quot;loop-item\\&quot;]&quot;,&quot;load_more_spinner&quot;:{&quot;value&quot;:&quot;fas fa-spinner&quot;,&quot;library&quot;:&quot;fa-solid&quot;},&quot;row_gap&quot;:{&quot;unit&quot;:&quot;px&quot;,&quot;size&quot;:&quot;&quot;,&quot;sizes&quot;:[]},&quot;row_gap_tablet&quot;:{&quot;unit&quot;:&quot;px&quot;,&quot;size&quot;:&quot;&quot;,&quot;sizes&quot;:[]},&quot;row_gap_mobile&quot;:{&quot;unit&quot;:&quot;px&quot;,&quot;size&quot;:&quot;&quot;,&quot;sizes&quot;:[]}}\" data-widget_type=\"loop-grid.post\">\n\t\t\t\t<div class=\"elementor-widget-container\">\n\t\t\t\t\t\t\t<div class=\"e-loop-nothing-found-message\">\n\t\t<\/div>\n\t\t\t\t\t\t<\/div>\n\t\t\t\t<\/div>\n\t\t\t\t\t<\/div>\n\t\t\t\t<\/div>\n\t\t\t\t\t<\/div>\n\t\t\t\t<\/div>\n\t\t\t\t<\/div>\n\t\t","protected":false},"excerpt":{"rendered":"<p>Bloglar Hayvanc\u0131l\u0131k ve Tar\u0131m D\u00fcnyas\u0131n\u0131 Ke\u015ffedin<\/p>\n","protected":false},"author":1,"featured_media":0,"parent":0,"menu_order":0,"comment_status":"closed","ping_status":"closed","template":"","meta":{"footnotes":""},"class_list":["post-464","page","type-page","status-publish","hentry"],"yoast_head":"<!-- This site is optimized with the Yoast SEO plugin v22.9 - https:\/\/yoast.com\/wordpress\/plugins\/seo\/ -->\n<title>Blog - Mercado Group<\/title>\n<meta name=\"robots\" content=\"index, follow, max-snippet:-1, max-image-preview:large, max-video-preview:-1\" \/>\n<link rel=\"canonical\" href=\"https:\/\/mercadogroup.com.tr\/tr\/blog\/\" \/>\n<meta property=\"og:locale\" content=\"tr_TR\" \/>\n<meta property=\"og:type\" content=\"article\" \/>\n<meta property=\"og:title\" content=\"Blog - Mercado Group\" \/>\n<meta property=\"og:description\" content=\"Bloglar Hayvanc\u0131l\u0131k ve Tar\u0131m D\u00fcnyas\u0131n\u0131 Ke\u015ffedin\" \/>\n<meta property=\"og:url\" content=\"https:\/\/mercadogroup.com.tr\/tr\/blog\/\" \/>\n<meta property=\"og:site_name\" content=\"Mercado Group\" \/>\n<meta property=\"article:modified_time\" content=\"2024-02-02T16:50:03+00:00\" \/>\n<meta name=\"twitter:card\" content=\"summary_large_image\" \/>\n<script type=\"application\/ld+json\" class=\"yoast-schema-graph\">{\"@context\":\"https:\/\/schema.org\",\"@graph\":[{\"@type\":\"WebPage\",\"@id\":\"https:\/\/mercadogroup.com.tr\/tr\/blog\/\",\"url\":\"https:\/\/mercadogroup.com.tr\/tr\/blog\/\",\"name\":\"Blog - Mercado Group\",\"isPartOf\":{\"@id\":\"https:\/\/mercadogroup.com.tr\/tr\/#website\"},\"datePublished\":\"2024-01-22T01:01:16+00:00\",\"dateModified\":\"2024-02-02T16:50:03+00:00\",\"breadcrumb\":{\"@id\":\"https:\/\/mercadogroup.com.tr\/tr\/blog\/#breadcrumb\"},\"inLanguage\":\"tr\",\"potentialAction\":[{\"@type\":\"ReadAction\",\"target\":[\"https:\/\/mercadogroup.com.tr\/tr\/blog\/\"]}]},{\"@type\":\"BreadcrumbList\",\"@id\":\"https:\/\/mercadogroup.com.tr\/tr\/blog\/#breadcrumb\",\"itemListElement\":[{\"@type\":\"ListItem\",\"position\":1,\"name\":\"Home\",\"item\":\"https:\/\/mercadogroup.com.tr\/tr\/\"},{\"@type\":\"ListItem\",\"position\":2,\"name\":\"Blog\"}]},{\"@type\":\"WebSite\",\"@id\":\"https:\/\/mercadogroup.com.tr\/tr\/#website\",\"url\":\"https:\/\/mercadogroup.com.tr\/tr\/\",\"name\":\"Mercado Group\",\"description\":\"Your Trusted Partner in Livestock Excellence\",\"publisher\":{\"@id\":\"https:\/\/mercadogroup.com.tr\/tr\/#organization\"},\"potentialAction\":[{\"@type\":\"SearchAction\",\"target\":{\"@type\":\"EntryPoint\",\"urlTemplate\":\"https:\/\/mercadogroup.com.tr\/tr\/?s={search_term_string}\"},\"query-input\":\"required name=search_term_string\"}],\"inLanguage\":\"tr\"},{\"@type\":\"Organization\",\"@id\":\"https:\/\/mercadogroup.com.tr\/tr\/#organization\",\"name\":\"Mercado Group\",\"url\":\"https:\/\/mercadogroup.com.tr\/tr\/\",\"logo\":{\"@type\":\"ImageObject\",\"inLanguage\":\"tr\",\"@id\":\"https:\/\/mercadogroup.com.tr\/tr\/#\/schema\/logo\/image\/\",\"url\":\"https:\/\/mercadogroup.com.tr\/wp-content\/uploads\/2024\/01\/cropped-mercado-logo-scaled-1.gif\",\"contentUrl\":\"https:\/\/mercadogroup.com.tr\/wp-content\/uploads\/2024\/01\/cropped-mercado-logo-scaled-1.gif\",\"width\":2440,\"height\":696,\"caption\":\"Mercado Group\"},\"image\":{\"@id\":\"https:\/\/mercadogroup.com.tr\/tr\/#\/schema\/logo\/image\/\"}}]}<\/script>\n<!-- \/ Yoast SEO plugin. -->","yoast_head_json":{"title":"Blog - Mercado Group","robots":{"index":"index","follow":"follow","max-snippet":"max-snippet:-1","max-image-preview":"max-image-preview:large","max-video-preview":"max-video-preview:-1"},"canonical":"https:\/\/mercadogroup.com.tr\/tr\/blog\/","og_locale":"tr_TR","og_type":"article","og_title":"Blog - Mercado Group","og_description":"Bloglar Hayvanc\u0131l\u0131k ve Tar\u0131m D\u00fcnyas\u0131n\u0131 Ke\u015ffedin","og_url":"https:\/\/mercadogroup.com.tr\/tr\/blog\/","og_site_name":"Mercado Group","article_modified_time":"2024-02-02T16:50:03+00:00","twitter_card":"summary_large_image","schema":{"@context":"https:\/\/schema.org","@graph":[{"@type":"WebPage","@id":"https:\/\/mercadogroup.com.tr\/tr\/blog\/","url":"https:\/\/mercadogroup.com.tr\/tr\/blog\/","name":"Blog - Mercado Group","isPartOf":{"@id":"https:\/\/mercadogroup.com.tr\/tr\/#website"},"datePublished":"2024-01-22T01:01:16+00:00","dateModified":"2024-02-02T16:50:03+00:00","breadcrumb":{"@id":"https:\/\/mercadogroup.com.tr\/tr\/blog\/#breadcrumb"},"inLanguage":"tr","potentialAction":[{"@type":"ReadAction","target":["https:\/\/mercadogroup.com.tr\/tr\/blog\/"]}]},{"@type":"BreadcrumbList","@id":"https:\/\/mercadogroup.com.tr\/tr\/blog\/#breadcrumb","itemListElement":[{"@type":"ListItem","position":1,"name":"Home","item":"https:\/\/mercadogroup.com.tr\/tr\/"},{"@type":"ListItem","position":2,"name":"Blog"}]},{"@type":"WebSite","@id":"https:\/\/mercadogroup.com.tr\/tr\/#website","url":"https:\/\/mercadogroup.com.tr\/tr\/","name":"Mercado Group","description":"Your Trusted Partner in Livestock Excellence","publisher":{"@id":"https:\/\/mercadogroup.com.tr\/tr\/#organization"},"potentialAction":[{"@type":"SearchAction","target":{"@type":"EntryPoint","urlTemplate":"https:\/\/mercadogroup.com.tr\/tr\/?s={search_term_string}"},"query-input":"required name=search_term_string"}],"inLanguage":"tr"},{"@type":"Organization","@id":"https:\/\/mercadogroup.com.tr\/tr\/#organization","name":"Mercado Group","url":"https:\/\/mercadogroup.com.tr\/tr\/","logo":{"@type":"ImageObject","inLanguage":"tr","@id":"https:\/\/mercadogroup.com.tr\/tr\/#\/schema\/logo\/image\/","url":"https:\/\/mercadogroup.com.tr\/wp-content\/uploads\/2024\/01\/cropped-mercado-logo-scaled-1.gif","contentUrl":"https:\/\/mercadogroup.com.tr\/wp-content\/uploads\/2024\/01\/cropped-mercado-logo-scaled-1.gif","width":2440,"height":696,"caption":"Mercado Group"},"image":{"@id":"https:\/\/mercadogroup.com.tr\/tr\/#\/schema\/logo\/image\/"}}]}},"_links":{"self":[{"href":"https:\/\/mercadogroup.com.tr\/tr\/wp-json\/wp\/v2\/pages\/464","targetHints":{"allow":["GET"]}}],"collection":[{"href":"https:\/\/mercadogroup.com.tr\/tr\/wp-json\/wp\/v2\/pages"}],"about":[{"href":"https:\/\/mercadogroup.com.tr\/tr\/wp-json\/wp\/v2\/types\/page"}],"author":[{"embeddable":true,"href":"https:\/\/mercadogroup.com.tr\/tr\/wp-json\/wp\/v2\/users\/1"}],"replies":[{"embeddable":true,"href":"https:\/\/mercadogroup.com.tr\/tr\/wp-json\/wp\/v2\/comments?post=464"}],"version-history":[{"count":3,"href":"https:\/\/mercadogroup.com.tr\/tr\/wp-json\/wp\/v2\/pages\/464\/revisions"}],"predecessor-version":[{"id":467,"href":"https:\/\/mercadogroup.com.tr\/tr\/wp-json\/wp\/v2\/pages\/464\/revisions\/467"}],"wp:attachment":[{"href":"https:\/\/mercadogroup.com.tr\/tr\/wp-json\/wp\/v2\/media?parent=464"}],"curies":[{"name":"wp","href":"https:\/\/api.w.org\/{rel}","templated":true}]}}